{"id":8253,"date":"2021-02-15T16:43:51","date_gmt":"2021-02-15T19:43:51","guid":{"rendered":"https:\/\/www.casadocuidar.org.br\/?post_type=product&#038;p=8253"},"modified":"2026-04-05T09:14:48","modified_gmt":"2026-04-05T12:14:48","slug":"doe-r-53-e-ganhe-a-agenda-hojear-2021","status":"publish","type":"product","link":"https:\/\/www.casadocuidar.org.br\/en\/produto\/doe-r-53-e-ganhe-a-agenda-hojear-2021\/","title":{"rendered":"Doe R$ 53 e ganhe a agenda Hojear 2021"},"content":{"rendered":"","protected":false},"excerpt":{"rendered":"<p>A Agenda Hojear \u00e9 uma cria\u00e7\u00e3o do Sorver Versos (Andr\u00e9 Gravat\u00e1 e Serena\u00a0Labate) e \u00e9 a \u00fanica agenda em que todos os dias t\u00eam o mesmo nome:\u00a0hoje.<\/p>\n<p>H\u00e1 nas entrelinhas da Agenda Hojear o chamado para prestarmos mais\u00a0aten\u00e7\u00e3o no tempo presente e no fato de que o dia mais pr\u00f3ximo que\u00a0temos se chama hoje e s\u00f3 vai acontecer uma vez.<\/p>\n<p>Esta edi\u00e7\u00e3o 2021 dispon\u00edvel aqui \u00e9 uma vers\u00e3o da Hojear realizada em\u00a0parceria com a Casa do Cuidar.<\/p>\n<p>A capa \u00e9 dura e traz a impress\u00e3o de uma pintura da Serena Labate. As\u00a0palavras na parte interna e at\u00e9 o calend\u00e1rio foram escritos \u00e0 m\u00e3o pelo\u00a0Andr\u00e9 Gravat\u00e1. A encaderna\u00e7\u00e3o \u00e9 em costura exposta, o que permite abrir a agenda em 180 graus, possibilitando escrever em toda a\u00a0dimens\u00e3o do papel.<\/p>\n<p>100 p\u00e1ginas<br \/>\nTamanho: 8,5 x 16 cm<br \/>\nPapel p\u00f3len 80 gr<\/p>\n","protected":false},"featured_media":9259,"template":"","meta":{"_acf_changed":false},"product_brand":[],"product_cat":[19],"product_tag":[],"class_list":{"0":"post-8253","1":"product","2":"type-product","3":"status-publish","4":"has-post-thumbnail","6":"product_cat-doacoes","7":"description-off","9":"first","10":"instock","11":"shipping-taxable","12":"purchasable","13":"product-type-simple"},"acf":[],"yoast_head":"<!-- This site is optimized with the Yoast SEO plugin v27.5 - https:\/\/yoast.com\/product\/yoast-seo-wordpress\/ -->\n<title>Doe R$ 53 e ganhe a agenda Hojear 2021 - Casa do Cuidar<\/title>\n<meta name=\"robots\" content=\"index, follow, max-snippet:-1, max-image-preview:large, max-video-preview:-1\" \/>\n<link rel=\"canonical\" href=\"https:\/\/www.casadocuidar.org.br\/produto\/doe-r-53-e-ganhe-a-agenda-hojear-2021\/\" \/>\n<meta property=\"og:locale\" content=\"en_US\" \/>\n<meta property=\"og:type\" content=\"article\" \/>\n<meta property=\"og:title\" content=\"Doe R$ 53 e ganhe a agenda Hojear 2021 - Casa do Cuidar\" \/>\n<meta property=\"og:description\" content=\"A Agenda Hojear \u00e9 uma cria\u00e7\u00e3o do Sorver Versos (Andr\u00e9 Gravat\u00e1 e Serena\u00a0Labate) e \u00e9 a \u00fanica agenda em que todos os dias t\u00eam o mesmo nome:\u00a0hoje.  H\u00e1 nas entrelinhas da Agenda Hojear o chamado para prestarmos mais\u00a0aten\u00e7\u00e3o no tempo presente e no fato de que o dia mais pr\u00f3ximo que\u00a0temos se chama hoje e s\u00f3 vai acontecer uma vez.  Esta edi\u00e7\u00e3o 2021 dispon\u00edvel aqui \u00e9 uma vers\u00e3o da Hojear realizada em\u00a0parceria com a Casa do Cuidar.  A capa \u00e9 dura e traz a impress\u00e3o de uma pintura da Serena Labate. As\u00a0palavras na parte interna e at\u00e9 o calend\u00e1rio foram escritos \u00e0 m\u00e3o pelo\u00a0Andr\u00e9 Gravat\u00e1. A encaderna\u00e7\u00e3o \u00e9 em costura exposta, o que permite abrir a agenda em 180 graus, possibilitando escrever em toda a\u00a0dimens\u00e3o do papel.  100 p\u00e1ginas Tamanho: 8,5 x 16 cm Papel p\u00f3len 80 gr\" \/>\n<meta property=\"og:url\" content=\"https:\/\/www.casadocuidar.org.br\/produto\/doe-r-53-e-ganhe-a-agenda-hojear-2021\/\" \/>\n<meta property=\"og:site_name\" content=\"Casa do Cuidar\" \/>\n<meta property=\"article:modified_time\" content=\"2026-04-05T12:14:48+00:00\" \/>\n<meta property=\"og:image\" content=\"https:\/\/www.casadocuidar.org.br\/website\/wp-content\/uploads\/2021\/02\/1.jpeg\" \/>\n\t<meta property=\"og:image:width\" content=\"768\" \/>\n\t<meta property=\"og:image:height\" content=\"1024\" \/>\n\t<meta property=\"og:image:type\" content=\"image\/jpeg\" \/>\n<meta name=\"twitter:card\" content=\"summary_large_image\" \/>\n<meta name=\"twitter:label1\" content=\"Est. reading time\" \/>\n\t<meta name=\"twitter:data1\" content=\"1 minute\" \/>\n<script type=\"application\/ld+json\" class=\"yoast-schema-graph\">{\"@context\":\"https:\\\/\\\/schema.org\",\"@graph\":[{\"@type\":\"WebPage\",\"@id\":\"https:\\\/\\\/www.casadocuidar.org.br\\\/produto\\\/doe-r-53-e-ganhe-a-agenda-hojear-2021\\\/\",\"url\":\"https:\\\/\\\/www.casadocuidar.org.br\\\/produto\\\/doe-r-53-e-ganhe-a-agenda-hojear-2021\\\/\",\"name\":\"Doe R$ 53 e ganhe a agenda Hojear 2021 - Casa do Cuidar\",\"isPartOf\":{\"@id\":\"https:\\\/\\\/www.casadocuidar.org.br\\\/#website\"},\"primaryImageOfPage\":{\"@id\":\"https:\\\/\\\/www.casadocuidar.org.br\\\/produto\\\/doe-r-53-e-ganhe-a-agenda-hojear-2021\\\/#primaryimage\"},\"image\":{\"@id\":\"https:\\\/\\\/www.casadocuidar.org.br\\\/produto\\\/doe-r-53-e-ganhe-a-agenda-hojear-2021\\\/#primaryimage\"},\"thumbnailUrl\":\"https:\\\/\\\/www.casadocuidar.org.br\\\/website\\\/wp-content\\\/uploads\\\/2021\\\/02\\\/1.jpeg\",\"datePublished\":\"2021-02-15T19:43:51+00:00\",\"dateModified\":\"2026-04-05T12:14:48+00:00\",\"breadcrumb\":{\"@id\":\"https:\\\/\\\/www.casadocuidar.org.br\\\/produto\\\/doe-r-53-e-ganhe-a-agenda-hojear-2021\\\/#breadcrumb\"},\"inLanguage\":\"en-US\",\"potentialAction\":[{\"@type\":\"ReadAction\",\"target\":[\"https:\\\/\\\/www.casadocuidar.org.br\\\/produto\\\/doe-r-53-e-ganhe-a-agenda-hojear-2021\\\/\"]}]},{\"@type\":\"ImageObject\",\"inLanguage\":\"en-US\",\"@id\":\"https:\\\/\\\/www.casadocuidar.org.br\\\/produto\\\/doe-r-53-e-ganhe-a-agenda-hojear-2021\\\/#primaryimage\",\"url\":\"https:\\\/\\\/www.casadocuidar.org.br\\\/website\\\/wp-content\\\/uploads\\\/2021\\\/02\\\/1.jpeg\",\"contentUrl\":\"https:\\\/\\\/www.casadocuidar.org.br\\\/website\\\/wp-content\\\/uploads\\\/2021\\\/02\\\/1.jpeg\",\"width\":768,\"height\":1024},{\"@type\":\"BreadcrumbList\",\"@id\":\"https:\\\/\\\/www.casadocuidar.org.br\\\/produto\\\/doe-r-53-e-ganhe-a-agenda-hojear-2021\\\/#breadcrumb\",\"itemListElement\":[{\"@type\":\"ListItem\",\"position\":1,\"name\":\"In\u00edcio\",\"item\":\"https:\\\/\\\/www.casadocuidar.org.br\\\/en\\\/\"},{\"@type\":\"ListItem\",\"position\":2,\"name\":\"Doa\u00e7\u00f5es com brindes\",\"item\":\"https:\\\/\\\/www.casadocuidar.org.br\\\/doacoes-com-brindes\\\/\"},{\"@type\":\"ListItem\",\"position\":3,\"name\":\"Doe R$ 53 e ganhe a agenda Hojear 2021\"}]},{\"@type\":\"WebSite\",\"@id\":\"https:\\\/\\\/www.casadocuidar.org.br\\\/#website\",\"url\":\"https:\\\/\\\/www.casadocuidar.org.br\\\/\",\"name\":\"Casa do Cuidar\",\"description\":\"Pr\u00e1tica e ensino em cuidados paliativos\",\"publisher\":{\"@id\":\"https:\\\/\\\/www.casadocuidar.org.br\\\/#organization\"},\"potentialAction\":[{\"@type\":\"SearchAction\",\"target\":{\"@type\":\"EntryPoint\",\"urlTemplate\":\"https:\\\/\\\/www.casadocuidar.org.br\\\/?s={search_term_string}\"},\"query-input\":{\"@type\":\"PropertyValueSpecification\",\"valueRequired\":true,\"valueName\":\"search_term_string\"}}],\"inLanguage\":\"en-US\"},{\"@type\":\"Organization\",\"@id\":\"https:\\\/\\\/www.casadocuidar.org.br\\\/#organization\",\"name\":\"Casa do Cuidar \u2013 Pr\u00e1tica e ensino em cuidados paliativos\",\"url\":\"https:\\\/\\\/www.casadocuidar.org.br\\\/\",\"logo\":{\"@type\":\"ImageObject\",\"inLanguage\":\"en-US\",\"@id\":\"https:\\\/\\\/www.casadocuidar.org.br\\\/#\\\/schema\\\/logo\\\/image\\\/\",\"url\":\"https:\\\/\\\/www.casadocuidar.org.br\\\/website\\\/wp-content\\\/uploads\\\/2018\\\/08\\\/casadocuidar-logoshare.png\",\"contentUrl\":\"https:\\\/\\\/www.casadocuidar.org.br\\\/website\\\/wp-content\\\/uploads\\\/2018\\\/08\\\/casadocuidar-logoshare.png\",\"width\":500,\"height\":500,\"caption\":\"Casa do Cuidar \u2013 Pr\u00e1tica e ensino em cuidados paliativos\"},\"image\":{\"@id\":\"https:\\\/\\\/www.casadocuidar.org.br\\\/#\\\/schema\\\/logo\\\/image\\\/\"}}]}<\/script>\n<!-- \/ Yoast SEO plugin. -->","yoast_head_json":{"title":"Doe R$ 53 e ganhe a agenda Hojear 2021 - Casa do Cuidar","robots":{"index":"index","follow":"follow","max-snippet":"max-snippet:-1","max-image-preview":"max-image-preview:large","max-video-preview":"max-video-preview:-1"},"canonical":"https:\/\/www.casadocuidar.org.br\/produto\/doe-r-53-e-ganhe-a-agenda-hojear-2021\/","og_locale":"en_US","og_type":"article","og_title":"Doe R$ 53 e ganhe a agenda Hojear 2021 - Casa do Cuidar","og_description":"A Agenda Hojear \u00e9 uma cria\u00e7\u00e3o do Sorver Versos (Andr\u00e9 Gravat\u00e1 e Serena\u00a0Labate) e \u00e9 a \u00fanica agenda em que todos os dias t\u00eam o mesmo nome:\u00a0hoje.  H\u00e1 nas entrelinhas da Agenda Hojear o chamado para prestarmos mais\u00a0aten\u00e7\u00e3o no tempo presente e no fato de que o dia mais pr\u00f3ximo que\u00a0temos se chama hoje e s\u00f3 vai acontecer uma vez.  Esta edi\u00e7\u00e3o 2021 dispon\u00edvel aqui \u00e9 uma vers\u00e3o da Hojear realizada em\u00a0parceria com a Casa do Cuidar.  A capa \u00e9 dura e traz a impress\u00e3o de uma pintura da Serena Labate. As\u00a0palavras na parte interna e at\u00e9 o calend\u00e1rio foram escritos \u00e0 m\u00e3o pelo\u00a0Andr\u00e9 Gravat\u00e1. A encaderna\u00e7\u00e3o \u00e9 em costura exposta, o que permite abrir a agenda em 180 graus, possibilitando escrever em toda a\u00a0dimens\u00e3o do papel.  100 p\u00e1ginas Tamanho: 8,5 x 16 cm Papel p\u00f3len 80 gr","og_url":"https:\/\/www.casadocuidar.org.br\/produto\/doe-r-53-e-ganhe-a-agenda-hojear-2021\/","og_site_name":"Casa do Cuidar","article_modified_time":"2026-04-05T12:14:48+00:00","og_image":[{"width":768,"height":1024,"url":"https:\/\/www.casadocuidar.org.br\/website\/wp-content\/uploads\/2021\/02\/1.jpeg","type":"image\/jpeg"}],"twitter_card":"summary_large_image","twitter_misc":{"Est. reading time":"1 minute"},"schema":{"@context":"https:\/\/schema.org","@graph":[{"@type":"WebPage","@id":"https:\/\/www.casadocuidar.org.br\/produto\/doe-r-53-e-ganhe-a-agenda-hojear-2021\/","url":"https:\/\/www.casadocuidar.org.br\/produto\/doe-r-53-e-ganhe-a-agenda-hojear-2021\/","name":"Doe R$ 53 e ganhe a agenda Hojear 2021 - Casa do Cuidar","isPartOf":{"@id":"https:\/\/www.casadocuidar.org.br\/#website"},"primaryImageOfPage":{"@id":"https:\/\/www.casadocuidar.org.br\/produto\/doe-r-53-e-ganhe-a-agenda-hojear-2021\/#primaryimage"},"image":{"@id":"https:\/\/www.casadocuidar.org.br\/produto\/doe-r-53-e-ganhe-a-agenda-hojear-2021\/#primaryimage"},"thumbnailUrl":"https:\/\/www.casadocuidar.org.br\/website\/wp-content\/uploads\/2021\/02\/1.jpeg","datePublished":"2021-02-15T19:43:51+00:00","dateModified":"2026-04-05T12:14:48+00:00","breadcrumb":{"@id":"https:\/\/www.casadocuidar.org.br\/produto\/doe-r-53-e-ganhe-a-agenda-hojear-2021\/#breadcrumb"},"inLanguage":"en-US","potentialAction":[{"@type":"ReadAction","target":["https:\/\/www.casadocuidar.org.br\/produto\/doe-r-53-e-ganhe-a-agenda-hojear-2021\/"]}]},{"@type":"ImageObject","inLanguage":"en-US","@id":"https:\/\/www.casadocuidar.org.br\/produto\/doe-r-53-e-ganhe-a-agenda-hojear-2021\/#primaryimage","url":"https:\/\/www.casadocuidar.org.br\/website\/wp-content\/uploads\/2021\/02\/1.jpeg","contentUrl":"https:\/\/www.casadocuidar.org.br\/website\/wp-content\/uploads\/2021\/02\/1.jpeg","width":768,"height":1024},{"@type":"BreadcrumbList","@id":"https:\/\/www.casadocuidar.org.br\/produto\/doe-r-53-e-ganhe-a-agenda-hojear-2021\/#breadcrumb","itemListElement":[{"@type":"ListItem","position":1,"name":"In\u00edcio","item":"https:\/\/www.casadocuidar.org.br\/en\/"},{"@type":"ListItem","position":2,"name":"Doa\u00e7\u00f5es com brindes","item":"https:\/\/www.casadocuidar.org.br\/doacoes-com-brindes\/"},{"@type":"ListItem","position":3,"name":"Doe R$ 53 e ganhe a agenda Hojear 2021"}]},{"@type":"WebSite","@id":"https:\/\/www.casadocuidar.org.br\/#website","url":"https:\/\/www.casadocuidar.org.br\/","name":"Casa do Cuidar","description":"Pr\u00e1tica e ensino em cuidados paliativos","publisher":{"@id":"https:\/\/www.casadocuidar.org.br\/#organization"},"potentialAction":[{"@type":"SearchAction","target":{"@type":"EntryPoint","urlTemplate":"https:\/\/www.casadocuidar.org.br\/?s={search_term_string}"},"query-input":{"@type":"PropertyValueSpecification","valueRequired":true,"valueName":"search_term_string"}}],"inLanguage":"en-US"},{"@type":"Organization","@id":"https:\/\/www.casadocuidar.org.br\/#organization","name":"Casa do Cuidar \u2013 Pr\u00e1tica e ensino em cuidados paliativos","url":"https:\/\/www.casadocuidar.org.br\/","logo":{"@type":"ImageObject","inLanguage":"en-US","@id":"https:\/\/www.casadocuidar.org.br\/#\/schema\/logo\/image\/","url":"https:\/\/www.casadocuidar.org.br\/website\/wp-content\/uploads\/2018\/08\/casadocuidar-logoshare.png","contentUrl":"https:\/\/www.casadocuidar.org.br\/website\/wp-content\/uploads\/2018\/08\/casadocuidar-logoshare.png","width":500,"height":500,"caption":"Casa do Cuidar \u2013 Pr\u00e1tica e ensino em cuidados paliativos"},"image":{"@id":"https:\/\/www.casadocuidar.org.br\/#\/schema\/logo\/image\/"}}]}},"_links":{"self":[{"href":"https:\/\/www.casadocuidar.org.br\/en\/wp-json\/wp\/v2\/product\/8253","targetHints":{"allow":["GET"]}}],"collection":[{"href":"https:\/\/www.casadocuidar.org.br\/en\/wp-json\/wp\/v2\/product"}],"about":[{"href":"https:\/\/www.casadocuidar.org.br\/en\/wp-json\/wp\/v2\/types\/product"}],"wp:featuredmedia":[{"embeddable":true,"href":"https:\/\/www.casadocuidar.org.br\/en\/wp-json\/wp\/v2\/media\/9259"}],"wp:attachment":[{"href":"https:\/\/www.casadocuidar.org.br\/en\/wp-json\/wp\/v2\/media?parent=8253"}],"wp:term":[{"taxonomy":"product_brand","embeddable":true,"href":"https:\/\/www.casadocuidar.org.br\/en\/wp-json\/wp\/v2\/product_brand?post=8253"},{"taxonomy":"product_cat","embeddable":true,"href":"https:\/\/www.casadocuidar.org.br\/en\/wp-json\/wp\/v2\/product_cat?post=8253"},{"taxonomy":"product_tag","embeddable":true,"href":"https:\/\/www.casadocuidar.org.br\/en\/wp-json\/wp\/v2\/product_tag?post=8253"}],"curies":[{"name":"wp","href":"https:\/\/api.w.org\/{rel}","templated":true}]}}