{"id":19402,"date":"2024-05-29T11:37:07","date_gmt":"2024-05-29T14:37:07","guid":{"rendered":"https:\/\/www.casadocuidar.org.br\/?post_type=product&#038;p=19402"},"modified":"2025-04-12T10:30:48","modified_gmt":"2025-04-12T13:30:48","slug":"doe-r-55-e-ganhe-o-livro-esobrevida-de-monica-strege","status":"publish","type":"product","link":"https:\/\/www.casadocuidar.org.br\/en\/produto\/doe-r-55-e-ganhe-o-livro-esobrevida-de-monica-strege\/","title":{"rendered":"Doe R$ 55 e ganhe o livro &#8220;\u00c9[Sobre]Vida&#8221;, de M\u00f4nica Strege"},"content":{"rendered":"<p>Com palavras da escritora, \u201cregistrar mem\u00f3rias e reflex\u00f5es nas p\u00e1ginas de um livro \u00e9 um ato de insurg\u00eancia contra a morte.\u201d \u00a0Apesar de constru\u00eddo em um cen\u00e1rio fatal\u00edstico, como \u00e9 a situa\u00e7\u00e3o da professora, em tratamento oncol\u00f3gico paliativo, a obra revela justamente a compreens\u00e3o da vida como uma p\u00e1gina em branco, a ser reescrita diariamente, a partir de cada desafio apresentado.<\/p>\n<p>M\u00f4nica Strege nasceu no interior de Santa Catarina e mora em Mato Grosso desde 1998. Professora da rede estadual desde 2009, atua na \u00e1rea de Ci\u00eancias Naturais e Biol\u00f3gicas, no munic\u00edpio de Vila Rica. Atualmente est\u00e1 licenciada para o tratamento do c\u00e2ncer, diagnosticado em 2021. Apesar dos altos e baixos da doen\u00e7a, a mulher, m\u00e3e, esposa, profissional, atua com vivacidade todos os pap\u00e9is, aos quais se somam os de escritora e o de volunt\u00e1ria do Instituto Oncoguia, uma ONG de apoio, informa\u00e7\u00e3o e defesa de direitos dos pacientes com c\u00e2ncer.<\/p>\n<p>Nos \u00faltimos tr\u00eas anos, a tamb\u00e9m sindicalista se tornou militante da luta de preven\u00e7\u00e3o ao c\u00e2ncer e dos cuidados paliativos. Em agosto de 2022 representou o Oncoguia no Congresso Nacional na abertura do \u201cAgosto Branco\u201d, m\u00eas dedicado \u00e0 conscientiza\u00e7\u00e3o da sociedade em rela\u00e7\u00e3o a preven\u00e7\u00e3o do c\u00e2ncer de pulm\u00e3o, neste mesmo ano foi homenageada com men\u00e7\u00e3o honrosa pela Assembleia Legislativa de Mato Grosso.<\/p>\n<p>Ao longo das mais de 200 p\u00e1ginas do livro, a educadora aponta enfrentamentos para al\u00e9m daqueles impostos pela condi\u00e7\u00e3o de sa\u00fade. Faz, indiretamente, a cada cap\u00edtulo, uma an\u00e1lise sobre o Brasil, destacando a cultura patriarcal, mis\u00f3gina, racista, que de forma direta ou indireta tiveram impacto na sua forma\u00e7\u00e3o e nos impasses que enfrentou no cotidiano pessoal e profissional.<\/p>\n<p>A hist\u00f3ria registra muito sobre as perspectivas da vida social e coletiva, a partir dos relatos de uma mulher, pobre, filha de lavradores, nascida no interior do estado de Santa Catarina, que lutou a vida toda para poder estudar e completou os estudos fora do per\u00edodo regular. A autora se prop\u00f4s a enfrentar os desafios, \u00e0 medida que foram se apresentando, e buscou coragem para enfrent\u00e1-los. A obra \u00e9 um cap\u00edtulo da vida, que prop\u00f5e an\u00e1lises e questionamentos do leitor sobre valer a pena!<\/p>\n<p>A autora, que \u00e9 m\u00e3e de Jo\u00e3o Lucas, acaba de \u201cdar \u00e0 luz\u201d ao \u201c\u00c9[Sobre]Vida, o definiu assim \u201cEle n\u00e3o \u00e9 uma hist\u00f3ria triste, nem alegre, nele conto a hist\u00f3ria de uma menina pobre que lutou para estudar durante toda sua vida e mesmo ap\u00f3s ter seu caminho atravessado pelo c\u00e2ncer, mas que ainda assim decidiu n\u00e3o parar\u201d, conclui M\u00f4nica. Mesmo ap\u00f3s o diagn\u00f3stico da doen\u00e7a continuou estudando, concluiu o mestrado em Educa\u00e7\u00e3o, atualmente \u00e9 doutoranda.<\/p>\n<p><em>(texto de Roseli Riechelmann, publicado originalmente no site do <a href=\"https:\/\/sintep.org.br\/sintep\/Utilidades\/view_noticia\/professora-relata-em-seu-primeiro-livro-uma-jornada-de-resiliencia\/i:3107\">Sintep<\/a>)<\/em><\/p>\n","protected":false},"excerpt":{"rendered":"<p>Com palavras da escritora, \u201cregistrar mem\u00f3rias e reflex\u00f5es nas p\u00e1ginas de um livro \u00e9 um ato de insurg\u00eancia contra a morte.\u201d \u00a0Apesar de constru\u00eddo em um cen\u00e1rio fatal\u00edstico, como \u00e9 a situa\u00e7\u00e3o da professora, em tratamento oncol\u00f3gico paliativo, a obra revela justamente a compreens\u00e3o da vida como uma p\u00e1gina em branco, a ser reescrita diariamente,&hellip;<\/p>\n","protected":false},"featured_media":19403,"template":"","meta":{"_acf_changed":false},"product_brand":[],"product_cat":[19],"product_tag":[],"class_list":{"0":"post-19402","1":"product","2":"type-product","3":"status-publish","4":"has-post-thumbnail","6":"product_cat-doacoes","7":"description-off","9":"first","10":"outofstock","11":"shipping-taxable","12":"purchasable","13":"product-type-simple"},"acf":[],"yoast_head":"<!-- This site is optimized with the Yoast SEO plugin v27.5 - https:\/\/yoast.com\/product\/yoast-seo-wordpress\/ -->\n<title>Doe R$ 55 e ganhe o livro &quot;\u00c9[Sobre]Vida&quot;, de M\u00f4nica Strege - Casa do Cuidar<\/title>\n<meta name=\"robots\" content=\"index, follow, max-snippet:-1, max-image-preview:large, max-video-preview:-1\" \/>\n<link rel=\"canonical\" href=\"https:\/\/www.casadocuidar.org.br\/produto\/doe-r-55-e-ganhe-o-livro-esobrevida-de-monica-strege\/\" \/>\n<meta property=\"og:locale\" content=\"en_US\" \/>\n<meta property=\"og:type\" content=\"article\" \/>\n<meta property=\"og:title\" content=\"Doe R$ 55 e ganhe o livro &quot;\u00c9[Sobre]Vida&quot;, de M\u00f4nica Strege - Casa do Cuidar\" \/>\n<meta property=\"og:description\" content=\"Com palavras da escritora, \u201cregistrar mem\u00f3rias e reflex\u00f5es nas p\u00e1ginas de um livro \u00e9 um ato de insurg\u00eancia contra a morte.\u201d \u00a0Apesar de constru\u00eddo em um cen\u00e1rio fatal\u00edstico, como \u00e9 a situa\u00e7\u00e3o da professora, em tratamento oncol\u00f3gico paliativo, a obra revela justamente a compreens\u00e3o da vida como uma p\u00e1gina em branco, a ser reescrita diariamente,&hellip;\" \/>\n<meta property=\"og:url\" content=\"https:\/\/www.casadocuidar.org.br\/produto\/doe-r-55-e-ganhe-o-livro-esobrevida-de-monica-strege\/\" \/>\n<meta property=\"og:site_name\" content=\"Casa do Cuidar\" \/>\n<meta property=\"article:modified_time\" content=\"2025-04-12T13:30:48+00:00\" \/>\n<meta property=\"og:image\" content=\"https:\/\/www.casadocuidar.org.br\/website\/wp-content\/uploads\/2024\/05\/livro-monica.jpg\" \/>\n\t<meta property=\"og:image:width\" content=\"900\" \/>\n\t<meta property=\"og:image:height\" content=\"900\" \/>\n\t<meta property=\"og:image:type\" content=\"image\/jpeg\" \/>\n<meta name=\"twitter:card\" content=\"summary_large_image\" \/>\n<meta name=\"twitter:label1\" content=\"Est. reading time\" \/>\n\t<meta name=\"twitter:data1\" content=\"3 minutes\" \/>\n<script type=\"application\/ld+json\" class=\"yoast-schema-graph\">{\"@context\":\"https:\\\/\\\/schema.org\",\"@graph\":[{\"@type\":\"WebPage\",\"@id\":\"https:\\\/\\\/www.casadocuidar.org.br\\\/produto\\\/doe-r-55-e-ganhe-o-livro-esobrevida-de-monica-strege\\\/\",\"url\":\"https:\\\/\\\/www.casadocuidar.org.br\\\/produto\\\/doe-r-55-e-ganhe-o-livro-esobrevida-de-monica-strege\\\/\",\"name\":\"Doe R$ 55 e ganhe o livro \\\"\u00c9[Sobre]Vida\\\", de M\u00f4nica Strege - Casa do Cuidar\",\"isPartOf\":{\"@id\":\"https:\\\/\\\/www.casadocuidar.org.br\\\/#website\"},\"primaryImageOfPage\":{\"@id\":\"https:\\\/\\\/www.casadocuidar.org.br\\\/produto\\\/doe-r-55-e-ganhe-o-livro-esobrevida-de-monica-strege\\\/#primaryimage\"},\"image\":{\"@id\":\"https:\\\/\\\/www.casadocuidar.org.br\\\/produto\\\/doe-r-55-e-ganhe-o-livro-esobrevida-de-monica-strege\\\/#primaryimage\"},\"thumbnailUrl\":\"https:\\\/\\\/www.casadocuidar.org.br\\\/website\\\/wp-content\\\/uploads\\\/2024\\\/05\\\/livro-monica.jpg\",\"datePublished\":\"2024-05-29T14:37:07+00:00\",\"dateModified\":\"2025-04-12T13:30:48+00:00\",\"breadcrumb\":{\"@id\":\"https:\\\/\\\/www.casadocuidar.org.br\\\/produto\\\/doe-r-55-e-ganhe-o-livro-esobrevida-de-monica-strege\\\/#breadcrumb\"},\"inLanguage\":\"en-US\",\"potentialAction\":[{\"@type\":\"ReadAction\",\"target\":[\"https:\\\/\\\/www.casadocuidar.org.br\\\/produto\\\/doe-r-55-e-ganhe-o-livro-esobrevida-de-monica-strege\\\/\"]}]},{\"@type\":\"ImageObject\",\"inLanguage\":\"en-US\",\"@id\":\"https:\\\/\\\/www.casadocuidar.org.br\\\/produto\\\/doe-r-55-e-ganhe-o-livro-esobrevida-de-monica-strege\\\/#primaryimage\",\"url\":\"https:\\\/\\\/www.casadocuidar.org.br\\\/website\\\/wp-content\\\/uploads\\\/2024\\\/05\\\/livro-monica.jpg\",\"contentUrl\":\"https:\\\/\\\/www.casadocuidar.org.br\\\/website\\\/wp-content\\\/uploads\\\/2024\\\/05\\\/livro-monica.jpg\",\"width\":900,\"height\":900},{\"@type\":\"BreadcrumbList\",\"@id\":\"https:\\\/\\\/www.casadocuidar.org.br\\\/produto\\\/doe-r-55-e-ganhe-o-livro-esobrevida-de-monica-strege\\\/#breadcrumb\",\"itemListElement\":[{\"@type\":\"ListItem\",\"position\":1,\"name\":\"In\u00edcio\",\"item\":\"https:\\\/\\\/www.casadocuidar.org.br\\\/en\\\/\"},{\"@type\":\"ListItem\",\"position\":2,\"name\":\"Doa\u00e7\u00f5es com brindes\",\"item\":\"https:\\\/\\\/www.casadocuidar.org.br\\\/doacoes-com-brindes\\\/\"},{\"@type\":\"ListItem\",\"position\":3,\"name\":\"Doe R$ 55 e ganhe o livro &#8220;\u00c9[Sobre]Vida&#8221;, de M\u00f4nica Strege\"}]},{\"@type\":\"WebSite\",\"@id\":\"https:\\\/\\\/www.casadocuidar.org.br\\\/#website\",\"url\":\"https:\\\/\\\/www.casadocuidar.org.br\\\/\",\"name\":\"Casa do Cuidar\",\"description\":\"Pr\u00e1tica e ensino em cuidados paliativos\",\"publisher\":{\"@id\":\"https:\\\/\\\/www.casadocuidar.org.br\\\/#organization\"},\"potentialAction\":[{\"@type\":\"SearchAction\",\"target\":{\"@type\":\"EntryPoint\",\"urlTemplate\":\"https:\\\/\\\/www.casadocuidar.org.br\\\/?s={search_term_string}\"},\"query-input\":{\"@type\":\"PropertyValueSpecification\",\"valueRequired\":true,\"valueName\":\"search_term_string\"}}],\"inLanguage\":\"en-US\"},{\"@type\":\"Organization\",\"@id\":\"https:\\\/\\\/www.casadocuidar.org.br\\\/#organization\",\"name\":\"Casa do Cuidar \u2013 Pr\u00e1tica e ensino em cuidados paliativos\",\"url\":\"https:\\\/\\\/www.casadocuidar.org.br\\\/\",\"logo\":{\"@type\":\"ImageObject\",\"inLanguage\":\"en-US\",\"@id\":\"https:\\\/\\\/www.casadocuidar.org.br\\\/#\\\/schema\\\/logo\\\/image\\\/\",\"url\":\"https:\\\/\\\/www.casadocuidar.org.br\\\/website\\\/wp-content\\\/uploads\\\/2018\\\/08\\\/casadocuidar-logoshare.png\",\"contentUrl\":\"https:\\\/\\\/www.casadocuidar.org.br\\\/website\\\/wp-content\\\/uploads\\\/2018\\\/08\\\/casadocuidar-logoshare.png\",\"width\":500,\"height\":500,\"caption\":\"Casa do Cuidar \u2013 Pr\u00e1tica e ensino em cuidados paliativos\"},\"image\":{\"@id\":\"https:\\\/\\\/www.casadocuidar.org.br\\\/#\\\/schema\\\/logo\\\/image\\\/\"}}]}<\/script>\n<!-- \/ Yoast SEO plugin. -->","yoast_head_json":{"title":"Doe R$ 55 e ganhe o livro \"\u00c9[Sobre]Vida\", de M\u00f4nica Strege - Casa do Cuidar","robots":{"index":"index","follow":"follow","max-snippet":"max-snippet:-1","max-image-preview":"max-image-preview:large","max-video-preview":"max-video-preview:-1"},"canonical":"https:\/\/www.casadocuidar.org.br\/produto\/doe-r-55-e-ganhe-o-livro-esobrevida-de-monica-strege\/","og_locale":"en_US","og_type":"article","og_title":"Doe R$ 55 e ganhe o livro \"\u00c9[Sobre]Vida\", de M\u00f4nica Strege - Casa do Cuidar","og_description":"Com palavras da escritora, \u201cregistrar mem\u00f3rias e reflex\u00f5es nas p\u00e1ginas de um livro \u00e9 um ato de insurg\u00eancia contra a morte.\u201d \u00a0Apesar de constru\u00eddo em um cen\u00e1rio fatal\u00edstico, como \u00e9 a situa\u00e7\u00e3o da professora, em tratamento oncol\u00f3gico paliativo, a obra revela justamente a compreens\u00e3o da vida como uma p\u00e1gina em branco, a ser reescrita diariamente,&hellip;","og_url":"https:\/\/www.casadocuidar.org.br\/produto\/doe-r-55-e-ganhe-o-livro-esobrevida-de-monica-strege\/","og_site_name":"Casa do Cuidar","article_modified_time":"2025-04-12T13:30:48+00:00","og_image":[{"width":900,"height":900,"url":"https:\/\/www.casadocuidar.org.br\/website\/wp-content\/uploads\/2024\/05\/livro-monica.jpg","type":"image\/jpeg"}],"twitter_card":"summary_large_image","twitter_misc":{"Est. reading time":"3 minutes"},"schema":{"@context":"https:\/\/schema.org","@graph":[{"@type":"WebPage","@id":"https:\/\/www.casadocuidar.org.br\/produto\/doe-r-55-e-ganhe-o-livro-esobrevida-de-monica-strege\/","url":"https:\/\/www.casadocuidar.org.br\/produto\/doe-r-55-e-ganhe-o-livro-esobrevida-de-monica-strege\/","name":"Doe R$ 55 e ganhe o livro \"\u00c9[Sobre]Vida\", de M\u00f4nica Strege - Casa do Cuidar","isPartOf":{"@id":"https:\/\/www.casadocuidar.org.br\/#website"},"primaryImageOfPage":{"@id":"https:\/\/www.casadocuidar.org.br\/produto\/doe-r-55-e-ganhe-o-livro-esobrevida-de-monica-strege\/#primaryimage"},"image":{"@id":"https:\/\/www.casadocuidar.org.br\/produto\/doe-r-55-e-ganhe-o-livro-esobrevida-de-monica-strege\/#primaryimage"},"thumbnailUrl":"https:\/\/www.casadocuidar.org.br\/website\/wp-content\/uploads\/2024\/05\/livro-monica.jpg","datePublished":"2024-05-29T14:37:07+00:00","dateModified":"2025-04-12T13:30:48+00:00","breadcrumb":{"@id":"https:\/\/www.casadocuidar.org.br\/produto\/doe-r-55-e-ganhe-o-livro-esobrevida-de-monica-strege\/#breadcrumb"},"inLanguage":"en-US","potentialAction":[{"@type":"ReadAction","target":["https:\/\/www.casadocuidar.org.br\/produto\/doe-r-55-e-ganhe-o-livro-esobrevida-de-monica-strege\/"]}]},{"@type":"ImageObject","inLanguage":"en-US","@id":"https:\/\/www.casadocuidar.org.br\/produto\/doe-r-55-e-ganhe-o-livro-esobrevida-de-monica-strege\/#primaryimage","url":"https:\/\/www.casadocuidar.org.br\/website\/wp-content\/uploads\/2024\/05\/livro-monica.jpg","contentUrl":"https:\/\/www.casadocuidar.org.br\/website\/wp-content\/uploads\/2024\/05\/livro-monica.jpg","width":900,"height":900},{"@type":"BreadcrumbList","@id":"https:\/\/www.casadocuidar.org.br\/produto\/doe-r-55-e-ganhe-o-livro-esobrevida-de-monica-strege\/#breadcrumb","itemListElement":[{"@type":"ListItem","position":1,"name":"In\u00edcio","item":"https:\/\/www.casadocuidar.org.br\/en\/"},{"@type":"ListItem","position":2,"name":"Doa\u00e7\u00f5es com brindes","item":"https:\/\/www.casadocuidar.org.br\/doacoes-com-brindes\/"},{"@type":"ListItem","position":3,"name":"Doe R$ 55 e ganhe o livro &#8220;\u00c9[Sobre]Vida&#8221;, de M\u00f4nica Strege"}]},{"@type":"WebSite","@id":"https:\/\/www.casadocuidar.org.br\/#website","url":"https:\/\/www.casadocuidar.org.br\/","name":"Casa do Cuidar","description":"Pr\u00e1tica e ensino em cuidados paliativos","publisher":{"@id":"https:\/\/www.casadocuidar.org.br\/#organization"},"potentialAction":[{"@type":"SearchAction","target":{"@type":"EntryPoint","urlTemplate":"https:\/\/www.casadocuidar.org.br\/?s={search_term_string}"},"query-input":{"@type":"PropertyValueSpecification","valueRequired":true,"valueName":"search_term_string"}}],"inLanguage":"en-US"},{"@type":"Organization","@id":"https:\/\/www.casadocuidar.org.br\/#organization","name":"Casa do Cuidar \u2013 Pr\u00e1tica e ensino em cuidados paliativos","url":"https:\/\/www.casadocuidar.org.br\/","logo":{"@type":"ImageObject","inLanguage":"en-US","@id":"https:\/\/www.casadocuidar.org.br\/#\/schema\/logo\/image\/","url":"https:\/\/www.casadocuidar.org.br\/website\/wp-content\/uploads\/2018\/08\/casadocuidar-logoshare.png","contentUrl":"https:\/\/www.casadocuidar.org.br\/website\/wp-content\/uploads\/2018\/08\/casadocuidar-logoshare.png","width":500,"height":500,"caption":"Casa do Cuidar \u2013 Pr\u00e1tica e ensino em cuidados paliativos"},"image":{"@id":"https:\/\/www.casadocuidar.org.br\/#\/schema\/logo\/image\/"}}]}},"_links":{"self":[{"href":"https:\/\/www.casadocuidar.org.br\/en\/wp-json\/wp\/v2\/product\/19402","targetHints":{"allow":["GET"]}}],"collection":[{"href":"https:\/\/www.casadocuidar.org.br\/en\/wp-json\/wp\/v2\/product"}],"about":[{"href":"https:\/\/www.casadocuidar.org.br\/en\/wp-json\/wp\/v2\/types\/product"}],"wp:featuredmedia":[{"embeddable":true,"href":"https:\/\/www.casadocuidar.org.br\/en\/wp-json\/wp\/v2\/media\/19403"}],"wp:attachment":[{"href":"https:\/\/www.casadocuidar.org.br\/en\/wp-json\/wp\/v2\/media?parent=19402"}],"wp:term":[{"taxonomy":"product_brand","embeddable":true,"href":"https:\/\/www.casadocuidar.org.br\/en\/wp-json\/wp\/v2\/product_brand?post=19402"},{"taxonomy":"product_cat","embeddable":true,"href":"https:\/\/www.casadocuidar.org.br\/en\/wp-json\/wp\/v2\/product_cat?post=19402"},{"taxonomy":"product_tag","embeddable":true,"href":"https:\/\/www.casadocuidar.org.br\/en\/wp-json\/wp\/v2\/product_tag?post=19402"}],"curies":[{"name":"wp","href":"https:\/\/api.w.org\/{rel}","templated":true}]}}