{"id":7782,"date":"2020-11-20T17:18:22","date_gmt":"2020-11-20T20:18:22","guid":{"rendered":"https:\/\/www.casadocuidar.org.br\/?page_id=7782"},"modified":"2021-02-26T14:48:48","modified_gmt":"2021-02-26T17:48:48","slug":"palliative-care","status":"publish","type":"page","link":"https:\/\/www.casadocuidar.org.br\/en\/palliative-care\/","title":{"rendered":"Palliative Care"},"content":{"rendered":"<div class=\"wpb-content-wrapper\"><p>[vc_row][vc_column width=&#8221;1\/6&#8243;][\/vc_column][vc_column width=&#8221;2\/3&#8243;][vc_column_text]<\/p>\n<h3 style=\"text-align: center;\">O que \u00e9 e o que n\u00e3o \u00e9 Cuidado Paliativo<\/h3>\n<p>1. Cuidado paliativo \u00e9 um tratamento multiprofissional, uma abordagem de cuidados que visa a melhoria da qualidade de vida de pessoas com doen\u00e7as graves. Disso resulta que n\u00e3o existem pacientes paliativos, assim como n\u00e3o existem pacientes di\u00e1lises, ou mesmo pacientes quimioterapias. Cuidado Paliativo, di\u00e1lise ou quimioterapia s\u00e3o tratamentos, e n\u00e3o diagn\u00f3sticos. Todos os pacientes com doen\u00e7as graves podem se beneficiar dessa abordagem de cuidados. Pacientes com doen\u00e7as card\u00edacas, oncol\u00f3gicas, pulmonares, neurol\u00f3gicas, AIDS, diabetes, s\u00edndromes das mais diversas e outras condi\u00e7\u00f5es m\u00e9dicas podem se beneficiar desse tratamento, estejam ou n\u00e3o lidando com o fim de suas vidas.<\/p>\n<p>2. Cuidado Paliativo n\u00e3o \u00e9 um diagn\u00f3stico m\u00e9dico, nem uma fase da doen\u00e7a, mas uma abordagem de cuidados, e portanto um tratamento, o que inclui uma s\u00e9rie de medidas espec\u00edficas, um conjunto de dimens\u00f5es a serem precisamente avaliadas e um conjunto de a\u00e7\u00f5es a serem implementadas, por vezes bastante complexas, se considerarmos algumas condi\u00e7\u00f5es igualmente complexas. Disso tudo resulta que uma pessoa pode ter uma doen\u00e7a absolutamente avan\u00e7ada, incur\u00e1vel, grav\u00edssima, e ainda assim n\u00e3o estar recebendo nenhum Cuidado Paliativo. Cuidado Paliativo pode ser oferecido inclusive no curso do tratamento curativo de uma doen\u00e7a potencialmente cur\u00e1vel, e auxiliar o paciente e sua fam\u00edlia a terem seus sofrimentos administrados e cuidados por uma equipe multiprofissional, mesmo que o desfecho dessa hist\u00f3ria seja a cura.<\/p>\n<p>3. Cuidado Paliativo n\u00e3o \u00e9 uma poss\u00edvel \u00faltima alternativa para a vida de algu\u00e9m, e n\u00e3o significa morte certa. Cuidado Paliativo n\u00e3o significa retirar tratamentos m\u00e9dicos, nem negar \u00e0s pessoas o melhor que a medicina e as demais ci\u00eancias da sa\u00fade podem lhe oferecer, mas ajudar a pensar em tratamentos hierarquizados e proporcionais entre os benef\u00edcios a ser buscados e os malef\u00edcios a serem evitados em cada fase da doen\u00e7a.<\/p>\n<p>4. Cuidado Paliativo n\u00e3o \u00e9 um conjunto de t\u00e9cnicas e procedimentos exclusivos de uma \u00fanica categoria profissional, e portanto envolvem v\u00e1rios atores no cen\u00e1rio das ci\u00eancias da sa\u00fade e da vida. Cuidado Paliativo de qualidade se faz em equipe multiprofissional, com profissionais treinados na filosofia e na boa pr\u00e1tica da palia\u00e7\u00e3o.<\/p>\n<p>5. Cuidado Paliativo n\u00e3o deve ser entendido como algo para as pessoas ricas, mas um direito humano como outro qualquer, j\u00e1 que todos devem ter acesso a al\u00edvio para os sofrimentos (por vezes muito intensos) gerados por graves condi\u00e7\u00f5es de sa\u00fade. Cuidado Paliativo significa busca para uma vida digna e de melhor qualidade, mesmo diante do fim da vida. Cuidado Paliativo \u00e9 um exerc\u00edcio de cidadania.<\/p>\n<p style=\"text-align: right;\">\n<p>[\/vc_column_text][\/vc_column][vc_column width=&#8221;1\/6&#8243;][\/vc_column][\/vc_row][vc_row full_width=&#8221;stretch_row&#8221; bg_type=&#8221;image&#8221; parallax_style=&#8221;vcpb-default&#8221; bg_image_new=&#8221;id^33|url^https:\/\/www.casadocuidar.org.br\/website\/wp-content\/uploads\/2018\/04\/casadocuidar-fundo-titulos.png|caption^null|alt^null|title^casadocuidar-fundo-titulos|description^null&#8221; bg_image_repeat=&#8221;no-repeat&#8221; bg_image_size=&#8221;initial&#8221; bg_image_posiiton=&#8221;0 50px&#8221; css=&#8221;.vc_custom_1524510028656{padding-top: 50px !important;padding-bottom: 50px !important;background-color: rgba(247,247,247,0.76) !important;background-position: center !important;background-repeat: no-repeat !important;background-size: contain !important;*background-color: rgb(247,247,247) !important;}&#8221;][vc_column][vc_column_text]<\/p>\n<h2 style=\"text-align: center;\">Frequent questions about Palliative Care<\/h2>\n<p>[\/vc_column_text][\/vc_column][\/vc_row][vc_row][vc_column width=&#8221;1\/6&#8243;][\/vc_column][vc_column width=&#8221;2\/3&#8243;][vc_column_text]<\/p>\n<h3>1. <span lang=\"EN-US\">What are Palliative Care?<\/span><\/h3>\n<p class=\"Corpo\"><span lang=\"EN-US\">A multidimensional care (in the physical, emotional, family, social and spiritual dimensions) developed and offered by qualified professionals working as a team to provide care for a person suffering with a disease that threatens the continuity of life. Palliative care can be offered from the time of diagnosis until the moment of death, completing with the mourning support offered to family and friends. In this work, all diagnostic and therapeutic resources available are used as a broad support to the quality of life of the patient and family so that they can live this difficult moment with comfort, value and meaning. All the work developed by the team aims to relieve and prevent suffering involved in the evolution of illness, which includes looking at the process of dying and saying goodbye as well as living life to the fullest. A work and wisdom that complement each other so that the patient feels he\/she matters until the end.<\/span><\/p>\n<p style=\"text-align: right;\"><em>Article by Ana Claudia Quintana Arantes<\/em><\/p>\n<p><span lang=\"EN-US\">According to the World Health Organization, Palliative Care is the comprehensive care offered to patients and family members when faced with a serious illness that threatens the continuity of life. The aim of Palliative Care is to offer effective treatment for the symptoms of discomfort that can accompany the patient, whether caused by the disease or the treatment. (WHO, 2017)<\/span><\/p>\n<p>&nbsp;<\/p>\n<h3>2. <span lang=\"EN-US\">Who is the patient who benefits from Palliative Care<\/span>?<\/h3>\n<p class=\"Corpo\"><span lang=\"EN-US\">All patients who have serious diseases that threaten the continuity of life and experience symptoms of suffering benefit from the assistance of a Palliative Care team. AS mentioned above, this type of care can be offered from the diagnosis of the disease, through all treatments that seek a cure or disease control, as well as the care intensely needed in human finitude. All diseases with this severity profile fit here, not just cancer!<\/span><\/p>\n<p>&nbsp;<\/p>\n<h3>3. <span lang=\"EN-US\">How does Palliative Care work<\/span>?<\/h3>\n<p class=\"Corpo\"><span lang=\"EN-US\">Palliative Care acts on the needs of the patient and his family, committing to assess and treat physical symptoms of discomfort, such as pain, fatigue, tiredness, shortness of breath and others that can cause suffering and worsen the quality of life. While treating the symptoms of the physical dimension, it is oriented towards assessing and caring for the emotional, social, family and spiritual needs of the patient and his family, respecting their values <\/span><span lang=\"EN-US\">\u200b\u200b<\/span><span lang=\"EN-US\">and beliefs.<\/span><\/p>\n<p class=\"Corpo\"><span lang=\"EN-US\">In the case of Comprehensive Care, we must always count on a team of health professionals who are trained and qualified in treating symptoms of discomfort related to the dimensions of the human being, which are described as: physical, emotional, social, family and spiritual.<\/span><\/p>\n<p class=\"Corpo\"><span lang=\"EN-US\">The professionals that make up the team are those who control the symptoms of the body &#8211; physical dimension &#8211; (all health professionals can help with this control!), Of the mind &#8211; emotional dimension &#8211; (psychologist, psychotherapist, psychoanalyst, psychiatrist), of the spirit &#8211; spiritual dimension &#8211; (priest, pastor, rabbi, guru, priests of different religious beliefs professed by patients) and the social and family dimension (social worker, volunteer, psychologist).<\/span><\/p>\n<p class=\"Corpo\"><span lang=\"EN-US\">The curative and palliative treatments are complementary to each other, because with a better control of symptoms the patient and his family can go through the time of curative treatments more effectively, even if these treatments are more aggressive. What happens in general is that as the disease progresses, there is a greater need for palliative care; it is possible that, at some point in the evolution of the underlying disease, the priority of care aims exclusively at comfort and quality of life.<\/span><\/p>\n<p>&nbsp;<\/p>\n<p><strong><span lang=\"EN-US\">The principles of palliative care are<\/span>:<\/strong><\/p>\n<ol>\n<li>\n<p class=\"Corpo\"><span lang=\"EN-US\">Respect the dignity and autonomy of patients.<\/span><\/p>\n<\/li>\n<li>\n<p class=\"Corpo\"><span lang=\"EN-US\">Honor the patient&#8217;s right to choose between treatments, including those that may or may not prolong life.<\/span><\/p>\n<\/li>\n<li>\n<p class=\"Corpo\"><span lang=\"EN-US\">Communicate clearly and carefully with patients, their families and their caregivers.<\/span><\/p>\n<\/li>\n<li>\n<p class=\"Corpo\"><span lang=\"EN-US\">Identify the main objectives of health care from the patient&#8217;s point of view.<\/span><\/p>\n<\/li>\n<li>\n<p class=\"Corpo\"><span lang=\"EN-US\">Provide impeccable control of pain and other symptoms of physical suffering.<\/span><\/p>\n<\/li>\n<li>\n<p class=\"Corpo\"><span lang=\"EN-US\">Recognize, evaluate, discuss and offer access to services for psychological, social and spiritual issues.<\/span><\/p>\n<\/li>\n<li>\n<p class=\"Corpo\"><span lang=\"EN-US\">Provide access to therapeutic support, covering the spectrum of life through end-of-life treatments that provide an improvement in the quality of life perceived by the patient, his family and his caregivers.<\/span><\/p>\n<\/li>\n<li>\n<p class=\"Corpo\"><span lang=\"EN-US\">Organize care in order to promote the continuity of care offered to the patient and his family, whether this care is performed in the hospital, in the office, at home or in another health institution.<\/span><\/p>\n<\/li>\n<li>\n<p class=\"Corpo\"><span lang=\"EN-US\">Maintain an attitude of educational support to all those involved in direct patient care.<\/span><\/p>\n<\/li>\n<\/ol>\n<p>[\/vc_column_text][\/vc_column][vc_column width=&#8221;1\/6&#8243;][\/vc_column][\/vc_row]<\/p>\n<\/div>","protected":false},"excerpt":{"rendered":"<p>[vc_row][vc_column width=&#8221;1\/6&#8243;][\/vc_column][vc_column width=&#8221;2\/3&#8243;][vc_column_text] O que \u00e9 e o que n\u00e3o \u00e9 Cuidado Paliativo 1. Cuidado paliativo \u00e9 um tratamento multiprofissional, uma abordagem de cuidados que visa a melhoria da qualidade de vida de pessoas com doen\u00e7as graves. Disso resulta que n\u00e3o existem pacientes paliativos, assim como n\u00e3o existem pacientes di\u00e1lises, ou mesmo pacientes quimioterapias. Cuidado&hellip;<\/p>\n","protected":false},"author":1,"featured_media":0,"parent":0,"menu_order":0,"comment_status":"closed","ping_status":"closed","template":"","meta":{"_acf_changed":false,"footnotes":""},"class_list":["post-7782","page","type-page","status-publish","hentry","description-off"],"acf":[],"yoast_head":"<!-- This site is optimized with the Yoast SEO plugin v27.4 - https:\/\/yoast.com\/product\/yoast-seo-wordpress\/ -->\n<title>Palliative Care - Casa do Cuidar<\/title>\n<meta name=\"robots\" content=\"index, follow, max-snippet:-1, max-image-preview:large, max-video-preview:-1\" \/>\n<link rel=\"canonical\" href=\"https:\/\/www.casadocuidar.org.br\/cuidados-paliativos\/\" \/>\n<meta property=\"og:locale\" content=\"en_US\" \/>\n<meta property=\"og:type\" content=\"article\" \/>\n<meta property=\"og:title\" content=\"Palliative Care - Casa do Cuidar\" \/>\n<meta property=\"og:description\" content=\"[vc_row][vc_column width=&#8221;1\/6&#8243;][\/vc_column][vc_column width=&#8221;2\/3&#8243;][vc_column_text] O que \u00e9 e o que n\u00e3o \u00e9 Cuidado Paliativo 1. Cuidado paliativo \u00e9 um tratamento multiprofissional, uma abordagem de cuidados que visa a melhoria da qualidade de vida de pessoas com doen\u00e7as graves. Disso resulta que n\u00e3o existem pacientes paliativos, assim como n\u00e3o existem pacientes di\u00e1lises, ou mesmo pacientes quimioterapias. Cuidado&hellip;\" \/>\n<meta property=\"og:url\" content=\"https:\/\/www.casadocuidar.org.br\/cuidados-paliativos\/\" \/>\n<meta property=\"og:site_name\" content=\"Casa do Cuidar\" \/>\n<meta property=\"article:modified_time\" content=\"2021-02-26T17:48:48+00:00\" \/>\n<meta name=\"twitter:card\" content=\"summary_large_image\" \/>\n<meta name=\"twitter:label1\" content=\"Est. reading time\" \/>\n\t<meta name=\"twitter:data1\" content=\"6 minutes\" \/>\n<script type=\"application\/ld+json\" class=\"yoast-schema-graph\">{\"@context\":\"https:\\\/\\\/schema.org\",\"@graph\":[{\"@type\":\"WebPage\",\"@id\":\"https:\\\/\\\/www.casadocuidar.org.br\\\/cuidados-paliativos\\\/\",\"url\":\"https:\\\/\\\/www.casadocuidar.org.br\\\/cuidados-paliativos\\\/\",\"name\":\"Palliative Care - Casa do Cuidar\",\"isPartOf\":{\"@id\":\"https:\\\/\\\/www.casadocuidar.org.br\\\/#website\"},\"datePublished\":\"2020-11-20T20:18:22+00:00\",\"dateModified\":\"2021-02-26T17:48:48+00:00\",\"breadcrumb\":{\"@id\":\"https:\\\/\\\/www.casadocuidar.org.br\\\/cuidados-paliativos\\\/#breadcrumb\"},\"inLanguage\":\"en-US\",\"potentialAction\":[{\"@type\":\"ReadAction\",\"target\":[\"https:\\\/\\\/www.casadocuidar.org.br\\\/cuidados-paliativos\\\/\"]}]},{\"@type\":\"BreadcrumbList\",\"@id\":\"https:\\\/\\\/www.casadocuidar.org.br\\\/cuidados-paliativos\\\/#breadcrumb\",\"itemListElement\":[{\"@type\":\"ListItem\",\"position\":1,\"name\":\"In\u00edcio\",\"item\":\"https:\\\/\\\/www.casadocuidar.org.br\\\/en\\\/\"},{\"@type\":\"ListItem\",\"position\":2,\"name\":\"Palliative Care\"}]},{\"@type\":\"WebSite\",\"@id\":\"https:\\\/\\\/www.casadocuidar.org.br\\\/#website\",\"url\":\"https:\\\/\\\/www.casadocuidar.org.br\\\/\",\"name\":\"Casa do Cuidar\",\"description\":\"Pr\u00e1tica e ensino em cuidados paliativos\",\"publisher\":{\"@id\":\"https:\\\/\\\/www.casadocuidar.org.br\\\/#organization\"},\"potentialAction\":[{\"@type\":\"SearchAction\",\"target\":{\"@type\":\"EntryPoint\",\"urlTemplate\":\"https:\\\/\\\/www.casadocuidar.org.br\\\/?s={search_term_string}\"},\"query-input\":{\"@type\":\"PropertyValueSpecification\",\"valueRequired\":true,\"valueName\":\"search_term_string\"}}],\"inLanguage\":\"en-US\"},{\"@type\":\"Organization\",\"@id\":\"https:\\\/\\\/www.casadocuidar.org.br\\\/#organization\",\"name\":\"Casa do Cuidar \u2013 Pr\u00e1tica e ensino em cuidados paliativos\",\"url\":\"https:\\\/\\\/www.casadocuidar.org.br\\\/\",\"logo\":{\"@type\":\"ImageObject\",\"inLanguage\":\"en-US\",\"@id\":\"https:\\\/\\\/www.casadocuidar.org.br\\\/#\\\/schema\\\/logo\\\/image\\\/\",\"url\":\"https:\\\/\\\/www.casadocuidar.org.br\\\/website\\\/wp-content\\\/uploads\\\/2018\\\/08\\\/casadocuidar-logoshare.png\",\"contentUrl\":\"https:\\\/\\\/www.casadocuidar.org.br\\\/website\\\/wp-content\\\/uploads\\\/2018\\\/08\\\/casadocuidar-logoshare.png\",\"width\":500,\"height\":500,\"caption\":\"Casa do Cuidar \u2013 Pr\u00e1tica e ensino em cuidados paliativos\"},\"image\":{\"@id\":\"https:\\\/\\\/www.casadocuidar.org.br\\\/#\\\/schema\\\/logo\\\/image\\\/\"}}]}<\/script>\n<!-- \/ Yoast SEO plugin. -->","yoast_head_json":{"title":"Palliative Care - Casa do Cuidar","robots":{"index":"index","follow":"follow","max-snippet":"max-snippet:-1","max-image-preview":"max-image-preview:large","max-video-preview":"max-video-preview:-1"},"canonical":"https:\/\/www.casadocuidar.org.br\/cuidados-paliativos\/","og_locale":"en_US","og_type":"article","og_title":"Palliative Care - Casa do Cuidar","og_description":"[vc_row][vc_column width=&#8221;1\/6&#8243;][\/vc_column][vc_column width=&#8221;2\/3&#8243;][vc_column_text] O que \u00e9 e o que n\u00e3o \u00e9 Cuidado Paliativo 1. Cuidado paliativo \u00e9 um tratamento multiprofissional, uma abordagem de cuidados que visa a melhoria da qualidade de vida de pessoas com doen\u00e7as graves. Disso resulta que n\u00e3o existem pacientes paliativos, assim como n\u00e3o existem pacientes di\u00e1lises, ou mesmo pacientes quimioterapias. Cuidado&hellip;","og_url":"https:\/\/www.casadocuidar.org.br\/cuidados-paliativos\/","og_site_name":"Casa do Cuidar","article_modified_time":"2021-02-26T17:48:48+00:00","twitter_card":"summary_large_image","twitter_misc":{"Est. reading time":"6 minutes"},"schema":{"@context":"https:\/\/schema.org","@graph":[{"@type":"WebPage","@id":"https:\/\/www.casadocuidar.org.br\/cuidados-paliativos\/","url":"https:\/\/www.casadocuidar.org.br\/cuidados-paliativos\/","name":"Palliative Care - Casa do Cuidar","isPartOf":{"@id":"https:\/\/www.casadocuidar.org.br\/#website"},"datePublished":"2020-11-20T20:18:22+00:00","dateModified":"2021-02-26T17:48:48+00:00","breadcrumb":{"@id":"https:\/\/www.casadocuidar.org.br\/cuidados-paliativos\/#breadcrumb"},"inLanguage":"en-US","potentialAction":[{"@type":"ReadAction","target":["https:\/\/www.casadocuidar.org.br\/cuidados-paliativos\/"]}]},{"@type":"BreadcrumbList","@id":"https:\/\/www.casadocuidar.org.br\/cuidados-paliativos\/#breadcrumb","itemListElement":[{"@type":"ListItem","position":1,"name":"In\u00edcio","item":"https:\/\/www.casadocuidar.org.br\/en\/"},{"@type":"ListItem","position":2,"name":"Palliative Care"}]},{"@type":"WebSite","@id":"https:\/\/www.casadocuidar.org.br\/#website","url":"https:\/\/www.casadocuidar.org.br\/","name":"Casa do Cuidar","description":"Pr\u00e1tica e ensino em cuidados paliativos","publisher":{"@id":"https:\/\/www.casadocuidar.org.br\/#organization"},"potentialAction":[{"@type":"SearchAction","target":{"@type":"EntryPoint","urlTemplate":"https:\/\/www.casadocuidar.org.br\/?s={search_term_string}"},"query-input":{"@type":"PropertyValueSpecification","valueRequired":true,"valueName":"search_term_string"}}],"inLanguage":"en-US"},{"@type":"Organization","@id":"https:\/\/www.casadocuidar.org.br\/#organization","name":"Casa do Cuidar \u2013 Pr\u00e1tica e ensino em cuidados paliativos","url":"https:\/\/www.casadocuidar.org.br\/","logo":{"@type":"ImageObject","inLanguage":"en-US","@id":"https:\/\/www.casadocuidar.org.br\/#\/schema\/logo\/image\/","url":"https:\/\/www.casadocuidar.org.br\/website\/wp-content\/uploads\/2018\/08\/casadocuidar-logoshare.png","contentUrl":"https:\/\/www.casadocuidar.org.br\/website\/wp-content\/uploads\/2018\/08\/casadocuidar-logoshare.png","width":500,"height":500,"caption":"Casa do Cuidar \u2013 Pr\u00e1tica e ensino em cuidados paliativos"},"image":{"@id":"https:\/\/www.casadocuidar.org.br\/#\/schema\/logo\/image\/"}}]}},"_links":{"self":[{"href":"https:\/\/www.casadocuidar.org.br\/en\/wp-json\/wp\/v2\/pages\/7782","targetHints":{"allow":["GET"]}}],"collection":[{"href":"https:\/\/www.casadocuidar.org.br\/en\/wp-json\/wp\/v2\/pages"}],"about":[{"href":"https:\/\/www.casadocuidar.org.br\/en\/wp-json\/wp\/v2\/types\/page"}],"author":[{"embeddable":true,"href":"https:\/\/www.casadocuidar.org.br\/en\/wp-json\/wp\/v2\/users\/1"}],"replies":[{"embeddable":true,"href":"https:\/\/www.casadocuidar.org.br\/en\/wp-json\/wp\/v2\/comments?post=7782"}],"version-history":[{"count":0,"href":"https:\/\/www.casadocuidar.org.br\/en\/wp-json\/wp\/v2\/pages\/7782\/revisions"}],"wp:attachment":[{"href":"https:\/\/www.casadocuidar.org.br\/en\/wp-json\/wp\/v2\/media?parent=7782"}],"curies":[{"name":"wp","href":"https:\/\/api.w.org\/{rel}","templated":true}]}}